{"id":390,"date":"2023-05-23T08:47:51","date_gmt":"2023-05-23T12:47:51","guid":{"rendered":"https:\/\/locationct.com\/?page_id=390"},"modified":"2024-12-27T12:00:32","modified_gmt":"2024-12-27T17:00:32","slug":"terms-conditions","status":"publish","type":"page","link":"https:\/\/locationct.com\/fr\/terms-conditions\/","title":{"rendered":"CONDITIONS G\u00c3\u2030N\u00c3\u2030RALES"},"content":{"rendered":"<div data-elementor-type=\"wp-page\" data-elementor-id=\"390\" class=\"elementor elementor-390\" data-elementor-settings=\"{&quot;ha_cmc_init_switcher&quot;:&quot;no&quot;}\">\n\t\t\t\t\t\t<section class=\"elementor-section elementor-top-section elementor-element elementor-element-1d8d1505 elementor-section-boxed elementor-section-height-default elementor-section-height-default\" data-id=\"1d8d1505\" data-element_type=\"section\" data-e-type=\"section\" data-settings=\"{&quot;background_background&quot;:&quot;classic&quot;,&quot;_ha_eqh_enable&quot;:false}\">\n\t\t\t\t\t\t\t<div class=\"elementor-background-overlay\"><\/div>\n\t\t\t\t\t\t\t<div class=\"elementor-container elementor-column-gap-no\">\n\t\t\t\t\t<div class=\"elementor-column elementor-col-100 elementor-top-column elementor-element elementor-element-1cae4d0e\" data-id=\"1cae4d0e\" data-element_type=\"column\" data-e-type=\"column\">\n\t\t\t<div class=\"elementor-widget-wrap elementor-element-populated\">\n\t\t\t\t\t\t<div class=\"elementor-element elementor-element-1cb41137 elementor-widget elementor-widget-heading\" data-id=\"1cb41137\" data-element_type=\"widget\" data-e-type=\"widget\" data-widget_type=\"heading.default\">\n\t\t\t\t<div class=\"elementor-widget-container\">\n\t\t\t\t\t<h1 class=\"elementor-heading-title elementor-size-default\">Termes et conditions<\/h1>\t\t\t\t<\/div>\n\t\t\t\t<\/div>\n\t\t\t\t\t<\/div>\n\t\t<\/div>\n\t\t\t\t\t<\/div>\n\t\t<\/section>\n\t\t\t\t<section class=\"elementor-section elementor-top-section elementor-element elementor-element-ce18ac7 elementor-section-boxed elementor-section-height-default elementor-section-height-default\" data-id=\"ce18ac7\" data-element_type=\"section\" data-e-type=\"section\" data-settings=\"{&quot;_ha_eqh_enable&quot;:false}\">\n\t\t\t\t\t\t<div class=\"elementor-container elementor-column-gap-default\">\n\t\t\t\t\t<div class=\"elementor-column elementor-col-100 elementor-top-column elementor-element elementor-element-0ba3a1c\" data-id=\"0ba3a1c\" data-element_type=\"column\" data-e-type=\"column\">\n\t\t\t<div class=\"elementor-widget-wrap elementor-element-populated\">\n\t\t\t\t\t\t<div class=\"elementor-element elementor-element-c100b2a elementor-widget elementor-widget-text-editor\" data-id=\"c100b2a\" data-element_type=\"widget\" data-e-type=\"widget\" data-widget_type=\"text-editor.default\">\n\t\t\t\t<div class=\"elementor-widget-container\">\n\t\t\t\t\t\t\t\t\t<p>Ces conditions g\u00e9n\u00e9rales r\u00e9gissent l\u2019utilisation de ce site web, www.locationct.com. Ce site est la propri\u00e9t\u00e9 de Location CT et est exploit\u00e9 par cette derni\u00e8re.<\/p><p>En utilisant ce site, vous indiquez que vous avez lu et compris les conditions d'utilisation et que vous acceptez de les respecter en tout temps.<\/p><p>Type de site : Location Court Terme<\/p><p><span style=\"text-decoration: underline;\"><strong>Propri\u00e9t\u00e9 intellectuelle<\/strong><\/span><\/p><p>Tout le contenu publi\u00e9 et mis \u00e0 disposition sur ce site est la propri\u00e9t\u00e9 de Location CT et de ses cr\u00e9ateurs. Cela inclut, mais ne se limite pas \u00e0, des images, des textes, des logos, des documents, des fichiers t\u00e9l\u00e9chargeables, et tout ce qui contribue \u00e0 la composition de ce site.<\/p><p><span style=\"text-decoration: underline;\"><strong>Restrictions d'\u00c3\u00a2ge<\/strong><\/span><\/p><p>L\u2019\u00e2ge minimum pour utiliser ce site est de 18 ans. Les utilisateurs acceptent qu\u2019en utilisant notre site, ils ont plus de 18 ans. Nous d\u00e9clinons toute responsabilit\u00e9 l\u00e9gale en cas de fausses d\u00e9clarations concernant l\u2019\u00e2ge.<\/p><p><span style=\"text-decoration: underline;\"><strong>Limitation de responsabilit\u00e9<\/strong><\/span><\/p><p>Location CT ou l\u2019un de ses employ\u00e9s ne pourra \u00eatre tenu responsable de tout probl\u00e8me d\u00e9coulant de l\u2019utilisation de ce site. Toutefois, Location CT et ses employ\u00e9s ne seront pas tenus responsables de tout probl\u00e8me r\u00e9sultant d\u2019une mauvaise utilisation de ce site.<\/p><p><span style=\"text-decoration: underline;\"><strong>Indemnit\u00e9<\/strong><\/span><\/p><p>En tant qu\u2019utilisateur, vous indemnisez par la pr\u00e9sente Location CT de toute responsabilit\u00e9, co\u00fbt, cause d\u2019action, dommage ou d\u00e9pense r\u00e9sultant de votre utilisation de ce site ou de votre violation de toute disposition \u00e9nonc\u00e9e dans ce document.<\/p><p><span style=\"text-decoration: underline;\"><strong>Lois applicables<\/strong><\/span><\/p><p>Ce document est soumis aux lois applicables du Canada et vise \u00e0 se conformer aux r\u00e8gles et r\u00e9glementations n\u00e9cessaires.<\/p><p>Pour les r\u00e9sidents de l\u2019UE, le RGPD est la loi applicable r\u00e9gissant ce document. En cas d\u2019incoh\u00e9rence entre une disposition de ce document et le RGPD, les r\u00e8gles du RGPD pr\u00e9vaudront.<\/p><p><span style=\"text-decoration: underline;\"><strong>Divisibilit\u00e9<\/strong><\/span><\/p><p>Si \u00e0 tout moment une disposition de ce document est jug\u00e9e incompatible ou invalide en vertu des lois applicables, ces dispositions seront consid\u00e9r\u00e9es comme nulles et sans effet et seront supprim\u00e9es de ce document. Toutes les autres dispositions ne seront pas affect\u00e9es par ces lois, et le reste du document restera valable.<\/p><p><span style=\"text-decoration: underline;\"><strong>Modifications<\/strong><\/span><\/p><p>Ces conditions g\u00e9n\u00e9rales peuvent \u00eatre modifi\u00e9es de temps \u00e0 autre pour garantir la conformit\u00e9 avec la loi et refl\u00e9ter tout changement dans notre fonctionnement du site et la mani\u00e8re dont nous attendons des utilisateurs qu\u2019ils se comportent sur notre site. Nous recommandons \u00e0 nos utilisateurs de revoir p\u00e9riodiquement ces conditions g\u00e9n\u00e9rales afin de s\u2019assurer qu\u2019ils sont inform\u00e9s de toute mise \u00e0 jour. Si n\u00e9cessaire, nous informerons les utilisateurs par e-mail de tout changement apport\u00e9 \u00e0 ces conditions ou publierons un avis sur notre site.<\/p><p><span style=\"text-decoration: underline;\"><strong>Contactez-nous<\/strong><\/span><\/p><p>Veuillez nous contacter si vous avez des questions ou des pr\u00e9occupations. Nos coordonn\u00e9es sont les suivantes :<\/p><p>(514) 561-4484<\/p><p>info@locationct.com<\/p><p>5445 Henri Bourassa Blvd W, Saint-Laurent, QC H4R 1B7, Canada<\/p><p>Date d'entr\u00e9e en vigueur : le 23 juin 2023.<\/p>\t\t\t\t\t\t\t\t<\/div>\n\t\t\t\t<\/div>\n\t\t\t\t\t<\/div>\n\t\t<\/div>\n\t\t\t\t\t<\/div>\n\t\t<\/section>\n\t\t\t\t<\/div>","protected":false},"excerpt":{"rendered":"<p>terms &amp; Conditions These general terms and conditions govern the use of this website, www.locationct.com. This site is owned and operated by Location CT. By using this site, you indicate that you have read and understood the terms of use and agree to comply with them at all times. Website Type: Car rental business website [&hellip;]<\/p>\n","protected":false},"author":232870144,"featured_media":0,"parent":0,"menu_order":0,"comment_status":"closed","ping_status":"closed","template":"elementor_header_footer","meta":{"jetpack_post_was_ever_published":false,"footnotes":""},"class_list":["post-390","page","type-page","status-publish","hentry"],"yoast_head":"<!-- This site is optimized with the Yoast SEO plugin v24.8.1 - https:\/\/yoast.com\/wordpress\/plugins\/seo\/ -->\n<title>Terms &amp; Conditions - Location Court Terme<\/title>\n<meta name=\"description\" content=\"These general terms and conditions govern the use of this website, www.locationct.com. This site is owned and operated by Location CT.\" \/>\n<meta name=\"robots\" content=\"index, follow, max-snippet:-1, max-image-preview:large, max-video-preview:-1\" \/>\n<link rel=\"canonical\" href=\"https:\/\/locationct.com\/fr\/terms-conditions\/\" \/>\n<meta property=\"og:locale\" content=\"fr_CA\" \/>\n<meta property=\"og:type\" content=\"article\" \/>\n<meta property=\"og:title\" content=\"Terms &amp; Conditions - Location Court Terme\" \/>\n<meta property=\"og:description\" content=\"These general terms and conditions govern the use of this website, www.locationct.com. This site is owned and operated by Location CT.\" \/>\n<meta property=\"og:url\" content=\"https:\/\/locationct.com\/fr\/terms-conditions\/\" \/>\n<meta property=\"og:site_name\" content=\"Location Court Terme\" \/>\n<meta property=\"article:publisher\" content=\"https:\/\/www.facebook.com\/LocationCourtTerme\/\" \/>\n<meta property=\"article:modified_time\" content=\"2024-12-27T17:00:32+00:00\" \/>\n<meta name=\"twitter:card\" content=\"summary_large_image\" \/>\n<meta name=\"twitter:label1\" content=\"Estimation du temps de lecture\" \/>\n\t<meta name=\"twitter:data1\" content=\"2 minutes\" \/>\n<script type=\"application\/ld+json\" class=\"yoast-schema-graph\">{\"@context\":\"https:\/\/schema.org\",\"@graph\":[{\"@type\":\"WebPage\",\"@id\":\"https:\/\/locationct.com\/terms-conditions\/\",\"url\":\"https:\/\/locationct.com\/terms-conditions\/\",\"name\":\"Terms & Conditions - Location Court Terme\",\"isPartOf\":{\"@id\":\"https:\/\/locationct.com\/#website\"},\"datePublished\":\"2023-05-23T12:47:51+00:00\",\"dateModified\":\"2024-12-27T17:00:32+00:00\",\"description\":\"These general terms and conditions govern the use of this website, www.locationct.com. This site is owned and operated by Location CT.\",\"breadcrumb\":{\"@id\":\"https:\/\/locationct.com\/terms-conditions\/#breadcrumb\"},\"inLanguage\":\"fr-CA\",\"potentialAction\":[{\"@type\":\"ReadAction\",\"target\":[\"https:\/\/locationct.com\/terms-conditions\/\"]}]},{\"@type\":\"BreadcrumbList\",\"@id\":\"https:\/\/locationct.com\/terms-conditions\/#breadcrumb\",\"itemListElement\":[{\"@type\":\"ListItem\",\"position\":1,\"name\":\"Home\",\"item\":\"https:\/\/locationct.com\/\"},{\"@type\":\"ListItem\",\"position\":2,\"name\":\"Terms &#038; Conditions\"}]},{\"@type\":\"WebSite\",\"@id\":\"https:\/\/locationct.com\/#website\",\"url\":\"https:\/\/locationct.com\/\",\"name\":\"LCT - Location Court Terme - Book Your Car Now\",\"description\":\"car rental\/accident repair replacement vehicle. auto courtesy.\",\"publisher\":{\"@id\":\"https:\/\/locationct.com\/#organization\"},\"potentialAction\":[{\"@type\":\"SearchAction\",\"target\":{\"@type\":\"EntryPoint\",\"urlTemplate\":\"https:\/\/locationct.com\/?s={search_term_string}\"},\"query-input\":{\"@type\":\"PropertyValueSpecification\",\"valueRequired\":true,\"valueName\":\"search_term_string\"}}],\"inLanguage\":\"fr-CA\"},{\"@type\":\"Organization\",\"@id\":\"https:\/\/locationct.com\/#organization\",\"name\":\"Location Court Terme - LCT\",\"url\":\"https:\/\/locationct.com\/\",\"logo\":{\"@type\":\"ImageObject\",\"inLanguage\":\"fr-CA\",\"@id\":\"https:\/\/locationct.com\/#\/schema\/logo\/image\/\",\"url\":\"https:\/\/locationct.com\/wp-content\/uploads\/2023\/03\/Logo-e1678793530431.jpg\",\"contentUrl\":\"https:\/\/locationct.com\/wp-content\/uploads\/2023\/03\/Logo-e1678793530431.jpg\",\"width\":600,\"height\":216,\"caption\":\"Location Court Terme - LCT\"},\"image\":{\"@id\":\"https:\/\/locationct.com\/#\/schema\/logo\/image\/\"},\"sameAs\":[\"https:\/\/www.facebook.com\/LocationCourtTerme\/\",\"https:\/\/www.instagram.com\/locationct\/?hl=en\"]}]}<\/script>\n<!-- \/ Yoast SEO plugin. -->","yoast_head_json":{"title":"Terms & Conditions - Location Court Terme","description":"Ces conditions g\u00e9n\u00e9rales r\u00e9gissent l\u2019utilisation de ce site web, www.locationct.com. Ce site est la propri\u00e9t\u00e9 de Location CT et est exploit\u00e9 par cette derni\u00e8re.","robots":{"index":"index","follow":"follow","max-snippet":"max-snippet:-1","max-image-preview":"max-image-preview:large","max-video-preview":"max-video-preview:-1"},"canonical":"https:\/\/locationct.com\/fr\/terms-conditions\/","og_locale":"fr_CA","og_type":"article","og_title":"Terms & Conditions - Location Court Terme","og_description":"These general terms and conditions govern the use of this website, www.locationct.com. This site is owned and operated by Location CT.","og_url":"https:\/\/locationct.com\/fr\/terms-conditions\/","og_site_name":"Location Court Terme","article_publisher":"https:\/\/www.facebook.com\/LocationCourtTerme\/","article_modified_time":"2024-12-27T17:00:32+00:00","twitter_card":"summary_large_image","twitter_misc":{"Estimation du temps de lecture":"2 minutes"},"schema":{"@context":"https:\/\/schema.org","@graph":[{"@type":"WebPage","@id":"https:\/\/locationct.com\/terms-conditions\/","url":"https:\/\/locationct.com\/terms-conditions\/","name":"Terms & Conditions - Location Court Terme","isPartOf":{"@id":"https:\/\/locationct.com\/#website"},"datePublished":"2023-05-23T12:47:51+00:00","dateModified":"2024-12-27T17:00:32+00:00","description":"Ces conditions g\u00e9n\u00e9rales r\u00e9gissent l\u2019utilisation de ce site web, www.locationct.com. Ce site est la propri\u00e9t\u00e9 de Location CT et est exploit\u00e9 par cette derni\u00e8re.","breadcrumb":{"@id":"https:\/\/locationct.com\/terms-conditions\/#breadcrumb"},"inLanguage":"fr-CA","potentialAction":[{"@type":"ReadAction","target":["https:\/\/locationct.com\/terms-conditions\/"]}]},{"@type":"BreadcrumbList","@id":"https:\/\/locationct.com\/terms-conditions\/#breadcrumb","itemListElement":[{"@type":"ListItem","position":1,"name":"Home","item":"https:\/\/locationct.com\/"},{"@type":"ListItem","position":2,"name":"Terms &#038; Conditions"}]},{"@type":"WebSite","@id":"https:\/\/locationct.com\/#website","url":"https:\/\/locationct.com\/","name":"LCT - Location Court Terme - Book Your Car Now","description":"car rental\/accident repair replacement vehicle. auto courtesy.","publisher":{"@id":"https:\/\/locationct.com\/#organization"},"potentialAction":[{"@type":"SearchAction","target":{"@type":"EntryPoint","urlTemplate":"https:\/\/locationct.com\/?s={search_term_string}"},"query-input":{"@type":"PropertyValueSpecification","valueRequired":true,"valueName":"search_term_string"}}],"inLanguage":"fr-CA"},{"@type":"Organization","@id":"https:\/\/locationct.com\/#organization","name":"Location Court Terme - LCT","url":"https:\/\/locationct.com\/","logo":{"@type":"ImageObject","inLanguage":"fr-CA","@id":"https:\/\/locationct.com\/#\/schema\/logo\/image\/","url":"https:\/\/locationct.com\/wp-content\/uploads\/2023\/03\/Logo-e1678793530431.jpg","contentUrl":"https:\/\/locationct.com\/wp-content\/uploads\/2023\/03\/Logo-e1678793530431.jpg","width":600,"height":216,"caption":"Location Court Terme - LCT"},"image":{"@id":"https:\/\/locationct.com\/#\/schema\/logo\/image\/"},"sameAs":["https:\/\/www.facebook.com\/LocationCourtTerme\/","https:\/\/www.instagram.com\/locationct\/?hl=en"]}]}},"jetpack_likes_enabled":true,"jetpack_sharing_enabled":true,"jetpack_shortlink":"https:\/\/wp.me\/P4og4J-6i","jetpack-related-posts":[],"_links":{"self":[{"href":"https:\/\/locationct.com\/fr\/wp-json\/wp\/v2\/pages\/390","targetHints":{"allow":["GET"]}}],"collection":[{"href":"https:\/\/locationct.com\/fr\/wp-json\/wp\/v2\/pages"}],"about":[{"href":"https:\/\/locationct.com\/fr\/wp-json\/wp\/v2\/types\/page"}],"author":[{"embeddable":true,"href":"https:\/\/locationct.com\/fr\/wp-json\/wp\/v2\/users\/232870144"}],"replies":[{"embeddable":true,"href":"https:\/\/locationct.com\/fr\/wp-json\/wp\/v2\/comments?post=390"}],"version-history":[{"count":26,"href":"https:\/\/locationct.com\/fr\/wp-json\/wp\/v2\/pages\/390\/revisions"}],"predecessor-version":[{"id":1231,"href":"https:\/\/locationct.com\/fr\/wp-json\/wp\/v2\/pages\/390\/revisions\/1231"}],"wp:attachment":[{"href":"https:\/\/locationct.com\/fr\/wp-json\/wp\/v2\/media?parent=390"}],"curies":[{"name":"wp","href":"https:\/\/api.w.org\/{rel}","templated":true}]}}